{"id":1168,"date":"2017-07-14T11:40:26","date_gmt":"2017-07-14T09:40:26","guid":{"rendered":"http:\/\/okal.partner5.he-hosting.de\/?page_id=1168"},"modified":"2022-11-10T17:16:10","modified_gmt":"2022-11-10T16:16:10","slug":"grossraumbueros","status":"publish","type":"page","link":"https:\/\/www.okal-industriepark.de\/index.php\/grossraumbueros\/","title":{"rendered":"Gro\u00dfraumb\u00fcros"},"content":{"rendered":"<p>[et_pb_section fb_built=&#8220;1&#8243; module_id=&#8220;content&#8220; _builder_version=&#8220;3.22&#8243; transparent_background=&#8220;off&#8220; make_fullwidth=&#8220;off&#8220; use_custom_width=&#8220;off&#8220; width_unit=&#8220;on&#8220; global_colors_info=&#8220;{}&#8220;][et_pb_row _builder_version=&#8220;3.25&#8243; background_size=&#8220;initial&#8220; background_position=&#8220;top_left&#8220; background_repeat=&#8220;repeat&#8220; global_colors_info=&#8220;{}&#8220;][et_pb_column type=&#8220;4_4&#8243; _builder_version=&#8220;3.25&#8243; custom_padding=&#8220;|||&#8220; global_colors_info=&#8220;{}&#8220; custom_padding__hover=&#8220;|||&#8220;][et_pb_text admin_label=&#8220;\u00dcBERSCHRIFT&#8220; _builder_version=&#8220;3.27.4&#8243; module_alignment=&#8220;left&#8220; border_style=&#8220;solid&#8220; global_colors_info=&#8220;{}&#8220;]<\/p>\n<h2>Gro\u00dfraumb\u00fcros<\/h2>\n<p>[\/et_pb_text][\/et_pb_column][\/et_pb_row][et_pb_row column_structure=&#8220;1_2,1_2&#8243; _builder_version=&#8220;3.25&#8243; background_size=&#8220;initial&#8220; background_position=&#8220;top_left&#8220; background_repeat=&#8220;repeat&#8220; global_colors_info=&#8220;{}&#8220;][et_pb_column type=&#8220;1_2&#8243; _builder_version=&#8220;3.25&#8243; custom_padding=&#8220;|||&#8220; global_colors_info=&#8220;{}&#8220; custom_padding__hover=&#8220;|||&#8220;][et_pb_text _builder_version=&#8220;3.27.4&#8243; module_alignment=&#8220;left&#8220; border_style=&#8220;solid&#8220; global_colors_info=&#8220;{}&#8220;]<\/p>\n<p>\nSie suchen kein Einzelb\u00fcro, sondern ein Gro\u00dfraumb\u00fcro? Freuen Sie sich auf unsere lichten und gro\u00dfz\u00fcgigen R\u00e4ume, die auch in der gesch\u00e4ftigen Umgebung eines Gro\u00dfraumb\u00fcros eine sehr angenehme Arbeitsatmosph\u00e4re bieten. Raumlich flexibel gestaltbar, und anschlusstechnisch sehr variabel finden Sie alles vor, was Sie f\u00fcr einen schnellen Bezug der B\u00fcrofl\u00e4che ben\u00f6tigen. Es sind moderne und den R\u00e4umen angepasste Beleuchtungsanlagen vorhanden. Auf Wunsch k\u00f6nnen wir auch angrenzende B\u00fcror\u00e4ume zur Verf\u00fcgung stellen.<\/p>\n<p>Wir haben zum Thema Gro\u00dfraumb\u00fcro ein besonders Interessantes Angebot f\u00fcr Sie:<br \/>\nIm Erdgeschoss bieten wir eine spezielle Fl\u00e4che f\u00fcr Sie an, die sich ideal als Showroom eignet &#8211; ein weiteres B\u00fcro ist angrenzend. Sie haben Sonderw\u00fcnsche? Sprechen Sie uns einfach an. Wir richten uns ganz nach Ihren W\u00fcnschen und Bed\u00fcrfnissen.<\/p>\n<p>[\/et_pb_text][\/et_pb_column][et_pb_column type=&#8220;1_2&#8243; _builder_version=&#8220;3.25&#8243; custom_padding=&#8220;|||&#8220; global_colors_info=&#8220;{}&#8220; custom_padding__hover=&#8220;|||&#8220;][et_pb_gallery gallery_ids=&#8220;1399,1400,&#8220; fullwidth=&#8220;on&#8220; _builder_version=&#8220;3.0.87&#8243; background_layout=&#8220;dark&#8220; border_style=&#8220;solid&#8220; saved_tabs=&#8220;all&#8220; global_colors_info=&#8220;{}&#8220;][\/et_pb_gallery][\/et_pb_column][\/et_pb_row][\/et_pb_section][et_pb_section fb_built=&#8220;1&#8243; module_id=&#8220;content&#8220; _builder_version=&#8220;4.14.9&#8243; background_color=&#8220;#f2f2f2&#8243; hover_enabled=&#8220;0&#8243; global_colors_info=&#8220;{}&#8220; sticky_enabled=&#8220;0&#8243;][et_pb_row column_structure=&#8220;1_2,1_2&#8243; _builder_version=&#8220;3.25&#8243; background_size=&#8220;initial&#8220; background_position=&#8220;top_left&#8220; background_repeat=&#8220;repeat&#8220; global_colors_info=&#8220;{}&#8220;][et_pb_column type=&#8220;1_2&#8243; _builder_version=&#8220;3.25&#8243; custom_padding=&#8220;|||&#8220; global_colors_info=&#8220;{}&#8220; custom_padding__hover=&#8220;|||&#8220;][et_pb_text admin_label=&#8220;bezeichnung&#8220; _builder_version=&#8220;3.27.4&#8243; module_alignment=&#8220;left&#8220; border_style=&#8220;solid&#8220; global_colors_info=&#8220;{}&#8220;]<\/p>\n<h3>Grundriss<\/h3>\n<p>[\/et_pb_text][et_pb_image src=&#8220;https:\/\/www.okal-industriepark.de\/wp-content\/uploads\/2022\/10\/Grundriss-Illustration-02.jpg&#8220; alt=&#8220;Okal, Gl\u00e4nde, Gesamt\u00fcbersicht&#8220; title_text=&#8220;Grundriss-Illustration-02&#8243; show_in_lightbox=&#8220;on&#8220; _builder_version=&#8220;4.14.9&#8243; animation_style=&#8220;slide&#8220; animation_direction=&#8220;left&#8220; animation_duration=&#8220;500ms&#8220; animation_intensity_slide=&#8220;10%&#8220; hover_enabled=&#8220;0&#8243; sticky=&#8220;off&#8220; always_center_on_mobile=&#8220;off&#8220; global_colors_info=&#8220;{}&#8220; custom_padding=&#8220;10px|10px|10px|10px|true|true&#8220; background_color=&#8220;#FFFFFF&#8220; sticky_enabled=&#8220;0&#8243;][\/et_pb_image][\/et_pb_column][et_pb_column type=&#8220;1_2&#8243; _builder_version=&#8220;3.25&#8243; custom_padding=&#8220;|||&#8220; global_colors_info=&#8220;{}&#8220; custom_padding__hover=&#8220;|||&#8220;][et_pb_text admin_label=&#8220;bezeichnung&#8220; _builder_version=&#8220;3.27.4&#8243; module_alignment=&#8220;left&#8220; border_style=&#8220;solid&#8220; global_colors_info=&#8220;{}&#8220;]<\/p>\n<h3>Daten und Fakten<\/h3>\n<p>[\/et_pb_text][et_pb_text admin_label=&#8220;Tabelle&#8220; _builder_version=&#8220;3.0.87&#8243; text_font=&#8220;||||&#8220; text_font_size=&#8220;14&#8243; text_line_height=&#8220;1.9em&#8220; header_font=&#8220;||||&#8220; header_font_size=&#8220;30px&#8220; background_color=&#8220;#ffffff&#8220; text_orientation=&#8220;center&#8220; module_alignment=&#8220;center&#8220; custom_padding=&#8220;10px|10px|10px|10px&#8220; custom_padding_tablet=&#8220;10px|10px|10px|10px&#8220; custom_padding_phone=&#8220;10px|10px|10px|10px&#8220; text_font_size_tablet=&#8220;14&#8243; text_font_size_phone=&#8220;14&#8243; text_letter_spacing_tablet=&#8220;0px&#8220; text_letter_spacing_phone=&#8220;0px&#8220; text_line_height_tablet=&#8220;1.9em&#8220; text_line_height_phone=&#8220;1.9em&#8220; header_font_size_tablet=&#8220;30px&#8220; header_font_size_phone=&#8220;30px&#8220; header_letter_spacing_tablet=&#8220;0px&#8220; header_letter_spacing_phone=&#8220;0px&#8220; header_line_height_tablet=&#8220;1em&#8220; header_line_height_phone=&#8220;1em&#8220; use_border_color=&#8220;off&#8220; border_color=&#8220;#c9c9c9&#8243; border_width=&#8220;1px&#8220; border_style=&#8220;dotted&#8220; global_module=&#8220;1466&#8243; saved_tabs=&#8220;all&#8220; global_colors_info=&#8220;{}&#8220;]<\/p>\n<table>\n<tbody>\n<tr>\n<td style=\"text-align: left;\"><strong>Objekttyp<\/strong><\/td>\n<td style=\"text-align: left;\">Gro\u00dfraumb\u00fcros<\/td>\n<\/tr>\n<tr>\n<td style=\"text-align: left;\"><strong>Lage<\/strong><\/td>\n<td style=\"text-align: left;\">Salzhemmendorfer Stra\u00dfe 2<br \/> 31020 Salzhemmendorf<\/td>\n<\/tr>\n<tr>\n<td style=\"text-align: left;\"><strong>Erdgeschoss<\/strong><\/td>\n<td>\n<p style=\"text-align: left;\">vermietet<\/p>\n<\/td>\n<\/tr>\n<tr>\n<td style=\"text-align: left;\"><strong>1.OG<\/strong><\/td>\n<td style=\"text-align: left;\">Anbau links zu vermieten (Ostseite)<\/td>\n<\/tr>\n<tr>\n<td style=\"text-align: left;\"><strong>2.OG<\/strong><\/td>\n<td style=\"text-align: left;\">nahezu komplett frei<br \/> Dachterrasse<\/td>\n<\/tr>\n<tr>\n<td style=\"text-align: left;\"><strong>Sonstiges<\/strong><\/td>\n<td style=\"text-align: left;\">\n<ul>\n<li>helle R\u00e4ume<\/li>\n<li>gro\u00dfe Fensterfl\u00e4chen<\/li>\n<li>elektrische Jalousien<\/li>\n<li>Aufzug<\/li>\n<li>flexible Gestaltungsm\u00f6glichkeiten (Leichtbauinnenw\u00e4nde)<\/li>\n<li>Blendfreies Licht (f\u00fcr PC-Arbeitspl\u00e4tze)<\/li>\n<li>komplett verkabelt<\/li>\n<\/ul>\n<\/td>\n<\/tr>\n<tr>\n<td>\u00a0<\/td>\n<td>\u00a0<\/td>\n<\/tr>\n<\/tbody>\n<\/table>\n<p>\u00a0<\/p>\n<p>[\/et_pb_text][\/et_pb_column][\/et_pb_row][\/et_pb_section][et_pb_section fb_built=&#8220;1&#8243; _builder_version=&#8220;4.14.9&#8243; global_module=&#8220;1856&#8243; global_colors_info=&#8220;{}&#8220;][et_pb_row column_structure=&#8220;2_5,3_5&#8243; _builder_version=&#8220;4.14.9&#8243; background_size=&#8220;initial&#8220; background_position=&#8220;top_left&#8220; background_repeat=&#8220;repeat&#8220; locked=&#8220;off&#8220; global_colors_info=&#8220;{}&#8220;][et_pb_column type=&#8220;2_5&#8243; _builder_version=&#8220;4.14.9&#8243; custom_padding=&#8220;||||false|false&#8220; global_colors_info=&#8220;{}&#8220; custom_padding__hover=&#8220;|||&#8220;][et_pb_text admin_label=&#8220;\u00dcBERSCHRIFT&#8220; _builder_version=&#8220;4.14.9&#8243; text_text_color=&#8220;#22bae4&#8243; text_font_size=&#8220;40px&#8220; text_line_height=&#8220;1.6em&#8220; header_text_color=&#8220;#22bae4&#8243; header_font_size=&#8220;42px&#8220; header_line_height=&#8220;1.6em&#8220; module_alignment=&#8220;left&#8220; border_style=&#8220;solid&#8220; global_colors_info=&#8220;{}&#8220;]<\/p>\n<p>Ansprechparner<\/p>\n<p>[\/et_pb_text][et_pb_team_member name=&#8220;Kai Fahrenkamp&#8220; position=&#8220;Geb\u00e4udemanager&#8220; _builder_version=&#8220;4.14.9&#8243; custom_css_member_image=&#8220;float: right;&#8220; global_colors_info=&#8220;{}&#8220;]<\/p>\n<p>Salzhemmendorfer Stra\u00dfe 2<br \/>31020 Salzhemmendorf<br \/>Telefon: 05153 &#8211; 803233<br \/>Telefax: 05153 &#8211; 803234<br \/>E-Mail: <a href=\"mailto:kai.fahrenkamp@okal-industriepark.de\">kai.fahrenkamp@okal-industriepark.de<\/a><\/p>\n<p>[\/et_pb_team_member][\/et_pb_column][et_pb_column type=&#8220;3_5&#8243; _builder_version=&#8220;3.25&#8243; custom_padding=&#8220;|||&#8220; global_colors_info=&#8220;{}&#8220; custom_padding__hover=&#8220;|||&#8220;][et_pb_code _builder_version=&#8220;4.14.9&#8243; _module_preset=&#8220;default&#8220; global_colors_info=&#8220;{}&#8220;]<div class='fluentform ff-default fluentform_wrapper_3 ffs_custom_wrap'><form data-form_id=\"3\" id=\"fluentform_3\" class=\"frm-fluent-form fluent_form_3 ff-el-form-top ff_form_instance_3_1 ff-form-loading ffs_custom\" data-form_instance=\"ff_form_instance_3_1\" method=\"POST\" ><fieldset  style=\"border: none!important;margin: 0!important;padding: 0!important;background-color: transparent!important;box-shadow: none!important;outline: none!important; min-inline-size: 100%;\">\n                    <legend class=\"ff_screen_reader_title\" style=\"display: block; margin: 0!important;padding: 0!important;height: 0!important;text-indent: -999999px;width: 0!important;overflow:hidden;\">Blank Form (#3)<\/legend>        <div\n                style=\"display: none!important; position: absolute!important; transform: translateX(1000%)!important;\"\n                class=\"ff-el-group ff-hpsf-container\"\n        >\n            <div class=\"ff-el-input--label asterisk-right\">\n                <label for=\"ff_3_item_sf\" aria-label=\"Notify\">\n                    Notify                <\/label>\n            <\/div>\n            <div class=\"ff-el-input--content\">\n                <input type=\"text\"\n                       name=\"item_3__fluent_sf\"\n                       class=\"ff-el-form-control\"\n                       id=\"ff_3_item_sf\"\n                \/>\n            <\/div>\n        <\/div>\n        <input type='hidden' name='__fluent_form_embded_post_id' value='1168' \/><input type=\"hidden\" id=\"_fluentform_3_fluentformnonce\" name=\"_fluentform_3_fluentformnonce\" value=\"8aaf1f648c\" \/><input type=\"hidden\" name=\"_wp_http_referer\" value=\"\/index.php\/wp-json\/wp\/v2\/pages\/1168\" \/><div class='ff-el-group'><div class=\"ff-el-input--label\"><label for='ff_3_input_text' id='label_ff_3_input_text' aria-label=\"Firma\">Firma<\/label><\/div><div class='ff-el-input--content'><input type=\"text\" name=\"input_text\" class=\"ff-el-form-control\" placeholder=\"Ihre Firma\" data-name=\"input_text\" id=\"ff_3_input_text\"  aria-invalid=\"false\" aria-required=false><\/div><\/div><div data-type=\"name-element\" data-name=\"names\" class=\" ff-field_container ff-name-field-wrapper\" ><div class='ff-t-container'><div class='ff-t-cell '><div class='ff-el-group  ff-el-form-top'><div class=\"ff-el-input--label ff-el-is-required\"><label for='ff_3_names_first_name_' id='label_ff_3_names_first_name_' >Vorname<\/label><\/div><div class='ff-el-input--content'><input type=\"text\" name=\"names[first_name]\" id=\"ff_3_names_first_name_\" class=\"ff-el-form-control\" placeholder=\"Vorname\" aria-invalid=\"false\" aria-required=true><\/div><\/div><\/div><div class='ff-t-cell '><div class='ff-el-group  ff-el-form-top'><div class=\"ff-el-input--label ff-el-is-required\"><label for='ff_3_names_last_name_' id='label_ff_3_names_last_name_' >Nachname<\/label><\/div><div class='ff-el-input--content'><input type=\"text\" name=\"names[last_name]\" id=\"ff_3_names_last_name_\" class=\"ff-el-form-control\" placeholder=\"Nachname\" aria-invalid=\"false\" aria-required=true><\/div><\/div><\/div><\/div><\/div><div class='ff-el-group'><div class=\"ff-el-input--label ff-el-is-required\"><label for='ff_3_email' id='label_ff_3_email' aria-label=\"E-Mail\">E-Mail<\/label><\/div><div class='ff-el-input--content'><input type=\"email\" name=\"email\" id=\"ff_3_email\" class=\"ff-el-form-control\" placeholder=\"E-Mail-Adresse\" data-name=\"email\"  aria-invalid=\"false\" aria-required=true><\/div><\/div><div class='ff-el-group'><div class=\"ff-el-input--label\"><label for='ff_3_description' id='label_ff_3_description' aria-label=\"Textbereich\">Textbereich<\/label><\/div><div class='ff-el-input--content'><textarea aria-required=\"false\" aria-labelledby=\"label_ff_3_description\" name=\"description\" id=\"ff_3_description\" class=\"ff-el-form-control\" rows=\"3\" cols=\"2\" data-name=\"description\" ><\/textarea><\/div><\/div><div class='ff-el-group ff-el-form-hide_label stickyField'><div class=\"ff-el-input--label\"><label for='ff_3_stickyField' id='label_ff_3_stickyField' aria-label=\"stickyField\">stickyField<\/label><\/div><div class='ff-el-input--content'><input type=\"text\" name=\"stickyField\" class=\"ff-el-form-control\" data-name=\"stickyField\" id=\"ff_3_stickyField\"  aria-invalid=\"false\" aria-required=false><\/div><\/div><div class='ff-el-group    ff-el-input--content'><div class='ff-el-form-check ff-el-tc'><label aria-label='Terms and Conditions: Ich habe die Datenschutzerkl\u00e4rung zur Kenntnis genommen. Ich stimme zu, dass meine Angaben und Daten zur Beantwortung meiner Anfrage elektronisch erhoben und gespeichert werden. Contains 1 link. Use tab navigation to review.' class='ff-el-form-check-label ff_tc_label' for=gdpr-agreement_13344ca35ecaed24f43301c5ef82b0cd><span class='ff_tc_checkbox'><input type=\"checkbox\" name=\"gdpr-agreement\" class=\"ff-el-form-check-input ff_gdpr_field\" data-name=\"gdpr-agreement\" id=\"gdpr-agreement_13344ca35ecaed24f43301c5ef82b0cd\"  value='on' aria-invalid='false' aria-required=true><\/span> <div class='ff_t_c'>Ich habe die <a href=\"\/index.php\/datenschutz\/\" target=\"_blank\">Datenschutzerkl\u00e4rung<\/a> zur Kenntnis genommen. Ich stimme zu, dass meine Angaben und Daten zur Beantwortung meiner Anfrage elektronisch erhoben und gespeichert werden.<\/div><\/label><\/div><\/div><div class='ff-el-group ff-text-left ff_submit_btn_wrapper'><button type=\"submit\" class=\"ff-btn ff-btn-submit ff-btn-md ff_btn_style\"  aria-label=\"Absenden\">Absenden<\/button><\/div><\/fieldset><\/form><div id='fluentform_3_errors' class='ff-errors-in-stack ff_form_instance_3_1 ff-form-loading_errors ff_form_instance_3_1_errors'><\/div><\/div>            <script type=\"text\/javascript\">\n                window.fluent_form_ff_form_instance_3_1 = {\"id\":\"3\",\"ajaxUrl\":\"https:\\\/\\\/www.okal-industriepark.de\\\/wp-admin\\\/admin-ajax.php\",\"settings\":{\"layout\":{\"labelPlacement\":\"top\",\"helpMessagePlacement\":\"with_label\",\"errorMessagePlacement\":\"inline\",\"cssClassName\":\"\",\"asteriskPlacement\":\"\"},\"restrictions\":{\"denyEmptySubmission\":{\"enabled\":false}}},\"form_instance\":\"ff_form_instance_3_1\",\"form_id_selector\":\"fluentform_3\",\"rules\":{\"input_text\":{\"required\":{\"value\":false,\"message\":\"Dieses Feld ist erforderlich\",\"global\":false,\"global_message\":\"Dieses Feld ist erforderlich\"}},\"names[first_name]\":{\"required\":{\"value\":true,\"message\":\"Dieses Feld ist erforderlich\",\"global\":false,\"global_message\":\"Dieses Feld ist erforderlich\"}},\"names[middle_name]\":{\"required\":{\"value\":false,\"message\":\"Dieses Feld ist erforderlich\",\"global\":false,\"global_message\":\"Dieses Feld ist erforderlich\"}},\"names[last_name]\":{\"required\":{\"value\":true,\"message\":\"Dieses Feld ist erforderlich\",\"global\":false,\"global_message\":\"Dieses Feld ist erforderlich\"}},\"email\":{\"required\":{\"value\":true,\"message\":\"Dieses Feld ist erforderlich\",\"global\":false,\"global_message\":\"Dieses Feld ist erforderlich\"},\"email\":{\"value\":true,\"message\":\"Dieses Feld muss eine g\\u00fcltige E-Mail-Adresse enthalten\",\"global\":false,\"global_message\":\"Dieses Feld muss eine g\\u00fcltige E-Mail-Adresse enthalten\"}},\"description\":{\"required\":{\"value\":false,\"message\":\"Dieses Feld ist erforderlich\",\"global\":false,\"global_message\":\"Dieses Feld ist erforderlich\"}},\"stickyField\":{\"required\":{\"value\":false,\"message\":\"Dieses Feld ist erforderlich\",\"global_message\":\"Dieses Feld ist erforderlich\",\"global\":true}},\"gdpr-agreement\":{\"required\":{\"value\":true,\"message\":\"Dieses Feld ist erforderlich\",\"global\":false,\"global_message\":\"Dieses Feld ist erforderlich\"}}},\"debounce_time\":300};\n                            <\/script>\n            [\/et_pb_code][\/et_pb_column][\/et_pb_row][\/et_pb_section]<\/p>\n","protected":false},"excerpt":{"rendered":"<p>Gro\u00dfraumb\u00fcros Sie suchen kein Einzelb\u00fcro, sondern ein Gro\u00dfraumb\u00fcro? Freuen Sie sich auf unsere lichten und gro\u00dfz\u00fcgigen R\u00e4ume, die auch in der gesch\u00e4ftigen Umgebung eines Gro\u00dfraumb\u00fcros eine sehr angenehme Arbeitsatmosph\u00e4re bieten. Raumlich flexibel gestaltbar, und anschlusstechnisch sehr variabel finden Sie alles vor, was Sie f\u00fcr einen schnellen Bezug der B\u00fcrofl\u00e4che ben\u00f6tigen. Es sind moderne und den [&hellip;]<\/p>\n","protected":false},"author":1,"featured_media":0,"parent":0,"menu_order":0,"comment_status":"closed","ping_status":"closed","template":"","meta":{"_acf_changed":false,"_et_pb_use_builder":"on","_et_pb_old_content":"","_et_gb_content_width":"","footnotes":""},"class_list":["post-1168","page","type-page","status-publish","hentry"],"acf":[],"_links":{"self":[{"href":"https:\/\/www.okal-industriepark.de\/index.php\/wp-json\/wp\/v2\/pages\/1168","targetHints":{"allow":["GET"]}}],"collection":[{"href":"https:\/\/www.okal-industriepark.de\/index.php\/wp-json\/wp\/v2\/pages"}],"about":[{"href":"https:\/\/www.okal-industriepark.de\/index.php\/wp-json\/wp\/v2\/types\/page"}],"author":[{"embeddable":true,"href":"https:\/\/www.okal-industriepark.de\/index.php\/wp-json\/wp\/v2\/users\/1"}],"replies":[{"embeddable":true,"href":"https:\/\/www.okal-industriepark.de\/index.php\/wp-json\/wp\/v2\/comments?post=1168"}],"version-history":[{"count":16,"href":"https:\/\/www.okal-industriepark.de\/index.php\/wp-json\/wp\/v2\/pages\/1168\/revisions"}],"predecessor-version":[{"id":1891,"href":"https:\/\/www.okal-industriepark.de\/index.php\/wp-json\/wp\/v2\/pages\/1168\/revisions\/1891"}],"wp:attachment":[{"href":"https:\/\/www.okal-industriepark.de\/index.php\/wp-json\/wp\/v2\/media?parent=1168"}],"curies":[{"name":"wp","href":"https:\/\/api.w.org\/{rel}","templated":true}]}}