{"id":2,"date":"2017-07-11T14:26:18","date_gmt":"2017-07-11T12:26:18","guid":{"rendered":"http:\/\/okal.partner5.he-hosting.de\/?page_id=2"},"modified":"2026-01-06T10:08:09","modified_gmt":"2026-01-06T09:08:09","slug":"willkommen","status":"publish","type":"page","link":"https:\/\/www.okal-industriepark.de\/","title":{"rendered":"Willkommen"},"content":{"rendered":"<p>[et_pb_section fb_built=&#8220;1&#8243; _builder_version=&#8220;4.16&#8243; background_image=&#8220;https:\/\/www.okal-industriepark.de\/wp-content\/uploads\/2017\/07\/medien31-salzhemmendorf-1002.jpg&#8220; parallax=&#8220;on&#8220; parallax_method=&#8220;off&#8220; global_colors_info=&#8220;{}&#8220;][et_pb_row _builder_version=&#8220;4.16&#8243; global_colors_info=&#8220;{}&#8220;][et_pb_column type=&#8220;4_4&#8243; _builder_version=&#8220;4.16&#8243; custom_padding=&#8220;|||&#8220; global_colors_info=&#8220;{}&#8220; custom_padding__hover=&#8220;|||&#8220;][et_pb_image src=&#8220;\/wp-content\/uploads\/2017\/07\/flaeche.png&#8220; alt=&#8220;OKAL Industriepark Lauenstein&#8220; title_text=&#8220;Gewerbe- &#038; Industriepark Salzhemmendorf \/ Lauenstein&#8220; align_tablet=&#8220;center&#8220; align_phone=&#8220;center&#8220; align_last_edited=&#8220;on|desktop&#8220; _builder_version=&#8220;4.16&#8243; animation_style=&#8220;slide&#8220; animation_direction=&#8220;left&#8220; animation_duration=&#8220;500ms&#8220; animation_intensity_slide=&#8220;10%&#8220; sticky=&#8220;off&#8220; always_center_on_mobile=&#8220;on&#8220; global_colors_info=&#8220;{}&#8220;][\/et_pb_image][\/et_pb_column][\/et_pb_row][\/et_pb_section][et_pb_section fb_built=&#8220;1&#8243; _builder_version=&#8220;4.16&#8243; global_colors_info=&#8220;{}&#8220;][et_pb_row _builder_version=&#8220;4.16&#8243; background_size=&#8220;initial&#8220; background_position=&#8220;top_left&#8220; background_repeat=&#8220;repeat&#8220; global_colors_info=&#8220;{}&#8220;][et_pb_column type=&#8220;4_4&#8243; _builder_version=&#8220;4.16&#8243; custom_padding=&#8220;|||&#8220; global_colors_info=&#8220;{}&#8220; custom_padding__hover=&#8220;|||&#8220;][et_pb_text admin_label=&#8220;Gewerbefl\u00e4che gesucht&#8220; _builder_version=&#8220;4.16&#8243; background_color=&#8220;#ffffff&#8220; module_alignment=&#8220;left&#8220; border_style=&#8220;solid&#8220; global_colors_info=&#8220;{}&#8220;]<\/p>\n<h1 style=\"text-align: center;\">Gewerbefl\u00e4che gesucht?<\/h1>\n<h1 style=\"text-align: center;\">Wir bieten f\u00fcr jedes Business die passende Fl\u00e4che<\/h1>\n<p>[\/et_pb_text][\/et_pb_column][\/et_pb_row][et_pb_row column_structure=&#8220;1_4,1_4,1_4,1_4&#8243; _builder_version=&#8220;4.16&#8243; global_colors_info=&#8220;{}&#8220;][et_pb_column type=&#8220;1_4&#8243; _builder_version=&#8220;4.16&#8243; custom_padding=&#8220;|||&#8220; global_colors_info=&#8220;{}&#8220; custom_padding__hover=&#8220;|||&#8220;][et_pb_blurb title=&#8220;Produktionsstandort&#8220; image=&#8220;\/wp-content\/uploads\/2017\/07\/produktion-1.png&#8220; icon_placement=&#8220;left&#8220; _builder_version=&#8220;4.16&#8243; max_width_tablet=&#8220;50px&#8220; animation=&#8220;left&#8220; custom_css_blurb_image=&#8220;width:60px;&#8220; use_circle=&#8220;off&#8220; use_circle_border=&#8220;off&#8220; global_colors_info=&#8220;{}&#8220;][\/et_pb_blurb][\/et_pb_column][et_pb_column type=&#8220;1_4&#8243; _builder_version=&#8220;4.16&#8243; custom_padding=&#8220;|||&#8220; global_colors_info=&#8220;{}&#8220; custom_padding__hover=&#8220;|||&#8220;][et_pb_blurb title=&#8220;Lagerhallen&#8220; image=&#8220;\/wp-content\/uploads\/2017\/07\/lager-1.png&#8220; icon_placement=&#8220;left&#8220; _builder_version=&#8220;4.16&#8243; max_width_tablet=&#8220;50px&#8220; animation=&#8220;left&#8220; custom_css_blurb_image=&#8220;width:60px;&#8220; use_circle=&#8220;off&#8220; use_circle_border=&#8220;off&#8220; global_colors_info=&#8220;{}&#8220;][\/et_pb_blurb][\/et_pb_column][et_pb_column type=&#8220;1_4&#8243; _builder_version=&#8220;4.16&#8243; custom_padding=&#8220;|||&#8220; global_colors_info=&#8220;{}&#8220; custom_padding__hover=&#8220;|||&#8220;][et_pb_blurb title=&#8220;B\u00fcros&#8220; image=&#8220;\/wp-content\/uploads\/2017\/07\/buero_fl\u00e4che-1.png&#8220; icon_placement=&#8220;left&#8220; _builder_version=&#8220;4.16&#8243; max_width_tablet=&#8220;50px&#8220; animation=&#8220;left&#8220; custom_css_blurb_image=&#8220;width:60px;&#8220; use_circle=&#8220;off&#8220; use_circle_border=&#8220;off&#8220; global_colors_info=&#8220;{}&#8220;][\/et_pb_blurb][\/et_pb_column][et_pb_column type=&#8220;1_4&#8243; _builder_version=&#8220;4.16&#8243; custom_padding=&#8220;|||&#8220; global_colors_info=&#8220;{}&#8220; custom_padding__hover=&#8220;|||&#8220;][et_pb_blurb title=&#8220;Freifl\u00e4chen&#8220; image=&#8220;\/wp-content\/uploads\/2017\/07\/freifl\u00e4che-1.png&#8220; icon_placement=&#8220;left&#8220; _builder_version=&#8220;4.16&#8243; max_width_tablet=&#8220;50px&#8220; animation=&#8220;left&#8220; custom_css_blurb_image=&#8220;width:60px;&#8220; use_circle=&#8220;off&#8220; use_circle_border=&#8220;off&#8220; global_colors_info=&#8220;{}&#8220;][\/et_pb_blurb][\/et_pb_column][\/et_pb_row][\/et_pb_section][et_pb_section fb_built=&#8220;1&#8243; _builder_version=&#8220;4.16&#8243; background_color=&#8220;#f2f2f2&#8243; global_colors_info=&#8220;{}&#8220;][et_pb_row column_structure=&#8220;1_2,1_2&#8243; _builder_version=&#8220;4.16&#8243; background_size=&#8220;initial&#8220; background_position=&#8220;top_left&#8220; background_repeat=&#8220;repeat&#8220; global_colors_info=&#8220;{}&#8220;][et_pb_column type=&#8220;1_2&#8243; _builder_version=&#8220;4.16&#8243; custom_padding=&#8220;|||&#8220; global_colors_info=&#8220;{}&#8220; custom_padding__hover=&#8220;|||&#8220;][et_pb_text admin_label=&#8220;\u00fcberschrift&#8220; _builder_version=&#8220;4.16&#8243; module_alignment=&#8220;left&#8220; border_style=&#8220;solid&#8220; global_colors_info=&#8220;{}&#8220;]<\/p>\n<h2>OKAL Gewerbe- &amp; Industriepark<\/h2>\n<p>[\/et_pb_text][et_pb_text _builder_version=&#8220;4.16&#8243; module_alignment=&#8220;left&#8220; border_style=&#8220;solid&#8220; global_colors_info=&#8220;{}&#8220;]<\/p>\n<h4>\u00dcber 40 Unternehmen sind bereits ans\u00e4ssig<\/h4>\n<p>&nbsp;<\/p>\n<p>In unserem Industriepark in Salzhemmendorf im Weserbergland finden Sie f\u00fcr Ihr Unternehmen den richtigen Platz. Der OKAL Industriepark liegt rund 45 km von Hannover sowie 22 Km von der Stadt Hameln entfernt. Der liegt unmittelbar an der B1 Richtung Hildesheim und die n\u00e4chste Autobahnauffahrt der A7 ist ca. in 40 Fahrminuten erreichbar. Zur A2 sind es ca. 25 Minuten.<\/p>\n<p>Auf einem Areal von \u00fcber 116.000 m\u00b2\u00a0stehen frei parzellierbare Produktions- und Lagerhallen sowie B\u00fcros und Freifl\u00e4chen f\u00fcr Ihre Ansiedlung in unserem Industriepark zur Verf\u00fcgung. Wir richten uns nach Ihrem Bedarf und parzellieren die Hallen und B\u00fcros ganz nach Ihren W\u00fcnschen.<\/p>\n<p>[\/et_pb_text][\/et_pb_column][et_pb_column type=&#8220;1_2&#8243; _builder_version=&#8220;4.16&#8243; custom_padding=&#8220;|||&#8220; global_colors_info=&#8220;{}&#8220; custom_padding__hover=&#8220;|||&#8220;][et_pb_text admin_label=&#8220;Tabelle&#8220; _builder_version=&#8220;4.16&#8243; text_line_height=&#8220;1.9em&#8220; background_color=&#8220;#ffffff&#8220; text_orientation=&#8220;center&#8220; module_alignment=&#8220;center&#8220; custom_padding=&#8220;10px|10px|10px|10px&#8220; border_color=&#8220;#c9c9c9&#8243; border_style=&#8220;dotted&#8220; saved_tabs=&#8220;all&#8220; global_colors_info=&#8220;{}&#8220;]<\/p>\n<table>\n<tbody>\n<tr>\n<td style=\"text-align: left;\"><strong>Art des Objektes<\/strong><\/td>\n<td style=\"text-align: left;\">Produktions- und Lagerhallen, B\u00fcrogeb\u00e4ude, Freifl\u00e4chen<\/td>\n<\/tr>\n<tr>\n<td style=\"text-align: left;\"><strong>Lage<\/strong><\/td>\n<td style=\"text-align: left;\">\n<p>Salzhemmendorfer Stra\u00dfe 2<\/p>\n<p>31020 Salzhemmendorf<\/p>\n<\/td>\n<\/tr>\n<tr>\n<td style=\"text-align: left;\"><strong>Gebietsausweisung<\/strong><\/td>\n<td>\n<p style=\"text-align: left;\">B-Plan Nr. 124 &#8222;Industriegel\u00e4nde OKAL&#8220;<\/p>\n<ul style=\"text-align: center;\">\n<li style=\"text-align: left;\">Gewerbegebiet<\/li>\n<li style=\"text-align: left;\">Industriegebiet<\/li>\n<li style=\"text-align: left;\">Mischgebiet<\/li>\n<\/ul>\n<\/td>\n<\/tr>\n<tr>\n<td style=\"text-align: left;\"><strong>Geb\u00e4ude-Nutzfl\u00e4che (gesamt)<\/strong><\/td>\n<td style=\"text-align: left;\">ca. 38.214 m\u00b2<\/td>\n<\/tr>\n<tr>\n<td style=\"text-align: left;\"><strong>Grundst\u00fccksfl\u00e4che<\/strong><\/td>\n<td style=\"text-align: left;\">ca. 116.571m\u00b2<\/td>\n<\/tr>\n<tr>\n<td style=\"text-align: left;\"><strong>Verkehrsanbindung<\/strong><\/td>\n<td style=\"text-align: left;\">L425 \/ K54<br \/><span style=\"font-size: 16px;\">A 7 &#8211; 40 km<br \/><\/span>B 1 &#8211; 2 km<\/td>\n<\/tr>\n<tr>\n<td><strong>Vermarktung<\/strong><\/td>\n<td>\n<p>Verpachtung, Verkauf<\/p>\n<p>Vergabe in Teilen m\u00f6glich<\/p>\n<\/td>\n<\/tr>\n<\/tbody>\n<\/table>\n<p>&nbsp;<\/p>\n<p>[\/et_pb_text][\/et_pb_column][\/et_pb_row][\/et_pb_section][et_pb_section fb_built=&#8220;1&#8243; _builder_version=&#8220;4.16&#8243; global_colors_info=&#8220;{}&#8220;][et_pb_row column_structure=&#8220;1_2,1_2&#8243; _builder_version=&#8220;4.16&#8243; background_size=&#8220;initial&#8220; background_position=&#8220;top_left&#8220; background_repeat=&#8220;repeat&#8220; global_colors_info=&#8220;{}&#8220;][et_pb_column type=&#8220;1_2&#8243; _builder_version=&#8220;4.16&#8243; custom_padding=&#8220;|||&#8220; global_colors_info=&#8220;{}&#8220; custom_padding__hover=&#8220;|||&#8220;][et_pb_text admin_label=&#8220;Standortvorteile im \u00dcberblick&#8220; _builder_version=&#8220;4.16&#8243; module_alignment=&#8220;left&#8220; border_style=&#8220;solid&#8220; global_colors_info=&#8220;{}&#8220;]<\/p>\n<h2>Standortvorteile im \u00dcberblick<\/h2>\n<p>[\/et_pb_text][et_pb_text _builder_version=&#8220;4.16&#8243; module_alignment=&#8220;left&#8220; border_style=&#8220;solid&#8220; global_colors_info=&#8220;{}&#8220;]<\/p>\n<ul>\n<li><strong>Raum f\u00fcr jedes Business:\u00a0<\/strong>Egal ob kleiner Dienstleister, mittelst\u00e4ndische Produktionsfirma oder gr\u00f6\u00dferes Industrieunternehmen<\/li>\n<li><strong>Kurzzeitvertr\u00e4ge:<\/strong>\u00a0Wir bieten kurze Laufzeiten &#8211; Ideal f\u00fcr Existenzgr\u00fcnder<\/li>\n<li><strong>Sofort bezugsfertig: <\/strong>B\u00fcror\u00e4ume<strong>\u00a0<\/strong>mit flexiblen Gestaltungsm\u00f6glichkeiten<\/li>\n<li><strong>Fester Ansprechpartner:<\/strong> Geb\u00e4udemanagement direkt im Haus<\/li>\n<li><strong>fachm\u00e4nnische Unterst\u00fctzung: <\/strong>Hilfe bei Mietabwicklungen, Nutzungs\u00e4nderungsantr\u00e4gen etc.<\/li>\n<li><strong>Architektenkooperation:<\/strong>\u00a0\u00dcbernahme der Kommunikation\/Moderation mit Architekten vor Ort<\/li>\n<li><strong>Gute Ausstattung<\/strong>: Fahrst\u00fchle, ausreichend Parkpl\u00e4tze, Brandmeldeanlage etc.<\/li>\n<li><strong>Brandschutzrichtlinien:<\/strong> Unsere Hallen entsprechen den aktuellen Vorgaben<\/li>\n<li><strong>Kamera\u00fcberwachung:<\/strong>\u00a0Sich jederzeit sicher f\u00fchlen<\/li>\n<li><strong>Netzwerk:<\/strong>\u00a0\u00dcber 40 Firmen unterschiedlichster Branchen an einem Standort<\/li>\n<\/ul>\n<p>[\/et_pb_text][\/et_pb_column][et_pb_column type=&#8220;1_2&#8243; _builder_version=&#8220;4.16&#8243; custom_padding=&#8220;|||&#8220; global_colors_info=&#8220;{}&#8220; custom_padding__hover=&#8220;|||&#8220;][et_pb_text admin_label=&#8220;Standortvorteile im \u00dcberblick&#8220; _builder_version=&#8220;4.16&#8243; module_alignment=&#8220;left&#8220; border_style=&#8220;solid&#8220; global_colors_info=&#8220;{}&#8220;]<\/p>\n<h2>Impressionen<\/h2>\n<p>[\/et_pb_text][et_pb_gallery gallery_ids=&#8220;1208,1205,1206,1204,1207,1156,1157,1154&#8243; fullwidth=&#8220;on&#8220; _builder_version=&#8220;4.16&#8243; background_layout=&#8220;dark&#8220; border_style=&#8220;solid&#8220; saved_tabs=&#8220;all&#8220; global_colors_info=&#8220;{}&#8220;][\/et_pb_gallery][\/et_pb_column][\/et_pb_row][\/et_pb_section][et_pb_section fb_built=&#8220;1&#8243; _builder_version=&#8220;4.14.9&#8243; background_color=&#8220;#f2f2f2&#8243; global_module=&#8220;1856&#8243; saved_tabs=&#8220;all&#8220; global_colors_info=&#8220;{}&#8220;][et_pb_row _builder_version=&#8220;4.27.4&#8243; background_size=&#8220;initial&#8220; background_position=&#8220;top_left&#8220; background_repeat=&#8220;repeat&#8220; locked=&#8220;off&#8220; global_colors_info=&#8220;{}&#8220;][et_pb_column type=&#8220;4_4&#8243; _builder_version=&#8220;4.16&#8243; custom_padding=&#8220;||||false|false&#8220; global_colors_info=&#8220;{}&#8220; custom_padding__hover=&#8220;|||&#8220;][et_pb_text admin_label=&#8220;\u00dcBERSCHRIFT&#8220; _builder_version=&#8220;4.27.4&#8243; text_text_color=&#8220;#22bae4&#8243; text_font_size=&#8220;40px&#8220; text_line_height=&#8220;1.6em&#8220; header_text_color=&#8220;#22bae4&#8243; header_font_size=&#8220;42px&#8220; header_line_height=&#8220;1.6em&#8220; module_alignment=&#8220;left&#8220; border_style=&#8220;solid&#8220; global_colors_info=&#8220;{}&#8220;]<\/p>\n<p style=\"text-align: center;\">Ansprechpartner<\/p>\n<p>[\/et_pb_text][et_pb_team_member name=&#8220;Christian Adolph&#8220; position=&#8220;Geb\u00e4udemanager&#8220; _builder_version=&#8220;4.27.4&#8243; text_orientation=&#8220;center&#8220; hover_enabled=&#8220;0&#8243; custom_css_member_image=&#8220;float: right;&#8220; global_colors_info=&#8220;{}&#8220; sticky_enabled=&#8220;0&#8243;]<\/p>\n<p style=\"text-align: center;\">Salzhemmendorfer Stra\u00dfe 2<br \/>31020 Salzhemmendorf<br \/>Telefon: 05153 &#8211; 803233<\/p>\n<p>[\/et_pb_team_member][\/et_pb_column][\/et_pb_row][\/et_pb_section]<\/p>\n","protected":false},"excerpt":{"rendered":"<p>Gewerbefl\u00e4che gesucht? Wir bieten f\u00fcr jedes Business die passende Fl\u00e4che OKAL Gewerbe- &amp; Industriepark \u00dcber 40 Unternehmen sind bereits ans\u00e4ssig &nbsp; In unserem Industriepark in Salzhemmendorf im Weserbergland finden Sie f\u00fcr Ihr Unternehmen den richtigen Platz. Der OKAL Industriepark liegt rund 45 km von Hannover sowie 22 Km von der Stadt Hameln entfernt. Der liegt [&hellip;]<\/p>\n","protected":false},"author":1,"featured_media":0,"parent":0,"menu_order":0,"comment_status":"closed","ping_status":"open","template":"","meta":{"_acf_changed":false,"_et_pb_use_builder":"on","_et_pb_old_content":"<p>Dies ist ein Beispiel einer statischen Seite. Du kannst sie bearbeiten und beispielsweise Infos \u00fcber dich oder deine Website eingeben, damit die Leser wissen, woher du kommst und was du machst.<\/p><p>Du kannst entweder beliebig viele Hauptseiten (wie diese hier) anlegen \u2013 oder auch Unterseiten, die sich in der Hierachiestruktur den Hauptseiten unterordnen. Du kannst diese alle innerhalb von WordPress \u00e4ndern und verwalten.<\/p><p>Als stolzer Besitzer einer neuen WordPress-Seite solltest du jetzt zur \u00dcbersichtsseite, dem <a href=\"http:\/\/okal.partner5.he-hosting.de\/wp-admin\/\">Dashboard<\/a> gehen, diese Seite hier l\u00f6schen und damit loslegen, eigene Inhalte zu erstellen. Viel Spa\u00df!<\/p>","_et_gb_content_width":"","footnotes":""},"class_list":["post-2","page","type-page","status-publish","hentry"],"acf":[],"_links":{"self":[{"href":"https:\/\/www.okal-industriepark.de\/index.php\/wp-json\/wp\/v2\/pages\/2","targetHints":{"allow":["GET"]}}],"collection":[{"href":"https:\/\/www.okal-industriepark.de\/index.php\/wp-json\/wp\/v2\/pages"}],"about":[{"href":"https:\/\/www.okal-industriepark.de\/index.php\/wp-json\/wp\/v2\/types\/page"}],"author":[{"embeddable":true,"href":"https:\/\/www.okal-industriepark.de\/index.php\/wp-json\/wp\/v2\/users\/1"}],"replies":[{"embeddable":true,"href":"https:\/\/www.okal-industriepark.de\/index.php\/wp-json\/wp\/v2\/comments?post=2"}],"version-history":[{"count":235,"href":"https:\/\/www.okal-industriepark.de\/index.php\/wp-json\/wp\/v2\/pages\/2\/revisions"}],"predecessor-version":[{"id":2003,"href":"https:\/\/www.okal-industriepark.de\/index.php\/wp-json\/wp\/v2\/pages\/2\/revisions\/2003"}],"wp:attachment":[{"href":"https:\/\/www.okal-industriepark.de\/index.php\/wp-json\/wp\/v2\/media?parent=2"}],"curies":[{"name":"wp","href":"https:\/\/api.w.org\/{rel}","templated":true}]}}