{"id":375,"date":"2017-07-12T10:40:20","date_gmt":"2017-07-12T08:40:20","guid":{"rendered":"http:\/\/okal.partner5.he-hosting.de\/?page_id=375"},"modified":"2023-03-23T11:50:36","modified_gmt":"2023-03-23T10:50:36","slug":"bueroraeume","status":"publish","type":"page","link":"https:\/\/www.okal-industriepark.de\/index.php\/bueroraeume\/","title":{"rendered":"Gesamtkomplex"},"content":{"rendered":"<p>[et_pb_section fb_built=&#8220;1&#8243; module_id=&#8220;content&#8220; _builder_version=&#8220;3.22&#8243; transparent_background=&#8220;off&#8220; make_fullwidth=&#8220;off&#8220; use_custom_width=&#8220;off&#8220; width_unit=&#8220;on&#8220; global_colors_info=&#8220;{}&#8220;][et_pb_row _builder_version=&#8220;3.25&#8243; background_size=&#8220;initial&#8220; background_position=&#8220;top_left&#8220; background_repeat=&#8220;repeat&#8220; global_colors_info=&#8220;{}&#8220;][et_pb_column type=&#8220;4_4&#8243; _builder_version=&#8220;3.25&#8243; custom_padding=&#8220;|||&#8220; global_colors_info=&#8220;{}&#8220; custom_padding__hover=&#8220;|||&#8220;][et_pb_text admin_label=&#8220;\u00dcBERSCHRIFT&#8220; _builder_version=&#8220;3.27.4&#8243; module_alignment=&#8220;left&#8220; border_style=&#8220;solid&#8220; global_colors_info=&#8220;{}&#8220;]<\/p>\n<h2>Flexible B\u00fcror\u00e4ume<\/h2>\n<p>[\/et_pb_text][\/et_pb_column][\/et_pb_row][et_pb_row column_structure=&#8220;1_2,1_2&#8243; _builder_version=&#8220;3.25&#8243; background_size=&#8220;initial&#8220; background_position=&#8220;top_left&#8220; background_repeat=&#8220;repeat&#8220; global_colors_info=&#8220;{}&#8220;][et_pb_column type=&#8220;1_2&#8243; _builder_version=&#8220;3.25&#8243; custom_padding=&#8220;|||&#8220; global_colors_info=&#8220;{}&#8220; custom_padding__hover=&#8220;|||&#8220;][et_pb_text _builder_version=&#8220;3.27.4&#8243; module_alignment=&#8220;left&#8220; border_style=&#8220;solid&#8220; global_colors_info=&#8220;{}&#8220;]<\/p>\n<p>\nDer B\u00fcrokomplex unterteilt sich in einen vorderen und einen hinteren Bereich. Zurzeit ist der hintere Bereich bereits komplett vermietet. Die R\u00e4ume befinden sich im 1. und 2. Obergeschoss. Die R\u00e4ume erlauben insgesamt Gestaltungsm\u00f6glichkeiten und flexible Raumaufteilung. Leichtbauw\u00e4nde erm\u00f6glichen eine einfache Trennung oder Zusammenlegung von R\u00e4umlichkeiten. Der Komplex verf\u00fcgt unter anderem \u00fcber einen Fahrstuhl, elektrische Jalousien und insgesamt eine hochwertige Ausstattung. Es erwarten Sie helle und lichtdurchflutete gro\u00dfz\u00fcgige R\u00e4ume, die gleicherma\u00dfen blendfreies Licht f\u00fcr PC Arbeitspl\u00e4tze bieten.<\/p>\n<p>Auf dem Gel\u00e4nde finden Sie ausreichende Parkpl\u00e4tze f\u00fcr ihre Mitarbeiter und auch Besucher. Wir haben f\u00fcr Sie aktuell 12 B\u00fcror\u00e4ume im Angebot. Sie befinden sich im Industriepark in bester Gesellschaft, da sich bereits 40 Firmen unterschiedlichster Branchen hier angesiedelt haben. Wir k\u00f6nnen B\u00fcrofl\u00e4chen ab 20 m\u00b2 anbieten. Auch Gro\u00dfraumb\u00fcros sind im Angebot. Manche Fl\u00e4chen im Erdgeschoss eignen sich als Ausstellungsr\u00e4ume oder Showroom. Unsere Kurzzeitvertr\u00e4ge sind auch f\u00fcr Gr\u00fcnder ideal. Da sich das Geb\u00e4udemanagement mit auf dem Gel\u00e4nde befindet, haben Sie jederzeit einen festen Ansprechpartner bei all ihren Anliegen, die das Mietobjekt betreffen. Wir sind stets mit fachm\u00e4nnischer Unterst\u00fctzung an Ihrer Seite, unter anderem wenn es um Mietvertr\u00e4ge geht oder eine Kooperation mit Architekten bei Umbauma\u00dfnahmen ansteht. Es erwaret Sie eine dienstleistungsgepr\u00e4gte Umgebung, in der Sie sich ganz auf Ihre Unternehmung konzentrieren k\u00f6nnen.<\/p>\n<p>[\/et_pb_text][\/et_pb_column][et_pb_column type=&#8220;1_2&#8243; _builder_version=&#8220;3.25&#8243; custom_padding=&#8220;|||&#8220; global_colors_info=&#8220;{}&#8220; custom_padding__hover=&#8220;|||&#8220;][et_pb_gallery gallery_ids=&#8220;1205,1208&#8243; fullwidth=&#8220;on&#8220; _builder_version=&#8220;4.14.9&#8243; background_layout=&#8220;dark&#8220; hover_enabled=&#8220;0&#8243; border_style=&#8220;solid&#8220; saved_tabs=&#8220;all&#8220; global_colors_info=&#8220;{}&#8220; sticky_enabled=&#8220;0&#8243;][\/et_pb_gallery][\/et_pb_column][\/et_pb_row][\/et_pb_section][et_pb_section fb_built=&#8220;1&#8243; disabled_on=&#8220;on|on|on&#8220; module_id=&#8220;content&#8220; _builder_version=&#8220;3.22&#8243; background_color=&#8220;#f2f2f2&#8243; disabled=&#8220;on&#8220; global_colors_info=&#8220;{}&#8220;][et_pb_row column_structure=&#8220;1_2,1_2&#8243; _builder_version=&#8220;3.25&#8243; background_size=&#8220;initial&#8220; background_position=&#8220;top_left&#8220; background_repeat=&#8220;repeat&#8220; global_colors_info=&#8220;{}&#8220;][et_pb_column type=&#8220;1_2&#8243; _builder_version=&#8220;3.25&#8243; custom_padding=&#8220;|||&#8220; global_colors_info=&#8220;{}&#8220; custom_padding__hover=&#8220;|||&#8220;][et_pb_text admin_label=&#8220;bezeichnung&#8220; _builder_version=&#8220;3.27.4&#8243; module_alignment=&#8220;left&#8220; border_style=&#8220;solid&#8220; global_colors_info=&#8220;{}&#8220;]<\/p>\n<h3>Grundriss<\/h3>\n<p>[\/et_pb_text][et_pb_image src=&#8220;http:\/\/okal.partner5.he-hosting.de\/wp-content\/uploads\/2017\/07\/gewerbefl\u00e4che_umriss.jpg&#8220; show_in_lightbox=&#8220;on&#8220; _builder_version=&#8220;3.23&#8243; animation_style=&#8220;slide&#8220; animation_direction=&#8220;left&#8220; animation_duration=&#8220;500ms&#8220; animation_intensity_slide=&#8220;10%&#8220; border_style=&#8220;solid&#8220; sticky=&#8220;off&#8220; always_center_on_mobile=&#8220;off&#8220; global_colors_info=&#8220;{}&#8220;][\/et_pb_image][\/et_pb_column][et_pb_column type=&#8220;1_2&#8243; _builder_version=&#8220;3.25&#8243; custom_padding=&#8220;|||&#8220; global_colors_info=&#8220;{}&#8220; custom_padding__hover=&#8220;|||&#8220;][et_pb_text admin_label=&#8220;bezeichnung&#8220; _builder_version=&#8220;3.27.4&#8243; module_alignment=&#8220;left&#8220; border_style=&#8220;solid&#8220; global_colors_info=&#8220;{}&#8220;]<\/p>\n<h3>Daten und Fakten<\/h3>\n<p>[\/et_pb_text][et_pb_text admin_label=&#8220;Tabelle&#8220; _builder_version=&#8220;3.27.4&#8243; text_line_height=&#8220;1.9em&#8220; background_color=&#8220;#ffffff&#8220; text_orientation=&#8220;center&#8220; module_alignment=&#8220;center&#8220; custom_padding=&#8220;10px|10px|10px|10px&#8220; border_color=&#8220;#c9c9c9&#8243; border_style=&#8220;dotted&#8220; saved_tabs=&#8220;all&#8220; global_colors_info=&#8220;{}&#8220;]<\/p>\n<table>\n<tbody>\n<tr>\n<td style=\"text-align: left;\"><strong>Art des Objektes<\/strong><\/td>\n<td style=\"text-align: left;\">Produktions- und Lagerhallen, B\u00fcrogeb\u00e4ude, Freifl\u00e4chen<\/td>\n<\/tr>\n<tr>\n<td style=\"text-align: left;\"><strong>Lage<\/strong><\/td>\n<td style=\"text-align: left;\">Salzhemmendorfer Stra\u00dfe 2<br \/>\n31020 Salzhemmendorf<\/td>\n<\/tr>\n<tr>\n<td style=\"text-align: left;\"><strong>Gebietsausweisung<\/strong><\/td>\n<td>\n<p style=\"text-align: left;\">B-Plan Nr. 124 &#8222;Industriegel\u00e4nde OKAL&#8220;<\/p>\n<ul style=\"text-align: center;\">\n<li style=\"text-align: left;\">Gewerbegebiet<\/li>\n<li style=\"text-align: left;\">Industriegebiet<\/li>\n<li style=\"text-align: left;\">Mischgebiet<\/li>\n<\/ul>\n<\/td>\n<\/tr>\n<tr>\n<td style=\"text-align: left;\"><strong>Geb\u00e4ude-Nutzfl\u00e4che (gesamt)<\/strong><\/td>\n<td style=\"text-align: left;\">ca. 38.214 m\u00b2<\/td>\n<\/tr>\n<tr>\n<td style=\"text-align: left;\"><strong>Grundst\u00fccksfl\u00e4che<\/strong><\/td>\n<td style=\"text-align: left;\">ca. 116.571m\u00b2<\/td>\n<\/tr>\n<tr>\n<td style=\"text-align: left;\"><strong>Verkehrsanbindung<\/strong><\/td>\n<td style=\"text-align: left;\">L425 \/ K54<br \/>\nA 7 &#8211; 25 km<br \/>\nB 1 &#8211; 2 km<\/td>\n<\/tr>\n<tr>\n<td><strong>Vermarktung<\/strong><\/td>\n<td>Verpachtung, Verkauf<br \/>\nVergabe in Teilen m\u00f6glich<\/td>\n<\/tr>\n<\/tbody>\n<\/table>\n<p>[\/et_pb_text][\/et_pb_column][\/et_pb_row][\/et_pb_section][et_pb_section fb_built=&#8220;1&#8243; _builder_version=&#8220;4.14.9&#8243; background_color=&#8220;#f2f2f2&#8243; global_module=&#8220;1856&#8243; global_colors_info=&#8220;{}&#8220;][et_pb_row column_structure=&#8220;2_5,3_5&#8243; _builder_version=&#8220;4.14.9&#8243; background_size=&#8220;initial&#8220; background_position=&#8220;top_left&#8220; background_repeat=&#8220;repeat&#8220; locked=&#8220;off&#8220; global_colors_info=&#8220;{}&#8220;][et_pb_column type=&#8220;2_5&#8243; _builder_version=&#8220;4.14.9&#8243; custom_padding=&#8220;||||false|false&#8220; global_colors_info=&#8220;{}&#8220; custom_padding__hover=&#8220;|||&#8220;][et_pb_text admin_label=&#8220;\u00dcBERSCHRIFT&#8220; _builder_version=&#8220;4.14.9&#8243; text_text_color=&#8220;#22bae4&#8243; text_font_size=&#8220;40px&#8220; text_line_height=&#8220;1.6em&#8220; header_text_color=&#8220;#22bae4&#8243; header_font_size=&#8220;42px&#8220; header_line_height=&#8220;1.6em&#8220; module_alignment=&#8220;left&#8220; border_style=&#8220;solid&#8220; global_colors_info=&#8220;{}&#8220;]<\/p>\n<p>Ansprechparner<\/p>\n<p>[\/et_pb_text][et_pb_team_member name=&#8220;Kai Fahrenkamp&#8220; position=&#8220;Geb\u00e4udemanager&#8220; _builder_version=&#8220;4.14.9&#8243; custom_css_member_image=&#8220;float: right;&#8220; global_colors_info=&#8220;{}&#8220;]<\/p>\n<p>Salzhemmendorfer Stra\u00dfe 2<br \/>31020 Salzhemmendorf<br \/>Telefon: 05153 &#8211; 803233<br \/>Telefax: 05153 &#8211; 803234<br \/>E-Mail: <a href=\"mailto:kai.fahrenkamp@okal-industriepark.de\">kai.fahrenkamp@okal-industriepark.de<\/a><\/p>\n<p>[\/et_pb_team_member][\/et_pb_column][et_pb_column type=&#8220;3_5&#8243; _builder_version=&#8220;3.25&#8243; custom_padding=&#8220;|||&#8220; global_colors_info=&#8220;{}&#8220; custom_padding__hover=&#8220;|||&#8220;][et_pb_code _builder_version=&#8220;4.14.9&#8243; _module_preset=&#8220;default&#8220; global_colors_info=&#8220;{}&#8220;]<div class='fluentform ff-default fluentform_wrapper_3 ffs_custom_wrap'><form data-form_id=\"3\" id=\"fluentform_3\" class=\"frm-fluent-form fluent_form_3 ff-el-form-top ff_form_instance_3_1 ff-form-loading ffs_custom\" data-form_instance=\"ff_form_instance_3_1\" method=\"POST\" ><fieldset  style=\"border: none!important;margin: 0!important;padding: 0!important;background-color: transparent!important;box-shadow: none!important;outline: none!important; min-inline-size: 100%;\">\n                    <legend class=\"ff_screen_reader_title\" style=\"display: block; margin: 0!important;padding: 0!important;height: 0!important;text-indent: -999999px;width: 0!important;overflow:hidden;\">Blank Form (#3)<\/legend>        <div\n                style=\"display: none!important; position: absolute!important; transform: translateX(1000%)!important;\"\n                class=\"ff-el-group ff-hpsf-container\"\n        >\n            <div class=\"ff-el-input--label asterisk-right\">\n                <label for=\"ff_3_item_sf\" aria-label=\"Contact\">\n                    Contact                <\/label>\n            <\/div>\n            <div class=\"ff-el-input--content\">\n                <input type=\"text\"\n                       name=\"item_3__fluent_sf\"\n                       class=\"ff-el-form-control\"\n                       id=\"ff_3_item_sf\"\n                \/>\n            <\/div>\n        <\/div>\n        <input type='hidden' name='__fluent_form_embded_post_id' value='375' \/><input type=\"hidden\" id=\"_fluentform_3_fluentformnonce\" name=\"_fluentform_3_fluentformnonce\" value=\"8aaf1f648c\" \/><input type=\"hidden\" name=\"_wp_http_referer\" value=\"\/index.php\/wp-json\/wp\/v2\/pages\/375\" \/><div class='ff-el-group'><div class=\"ff-el-input--label\"><label for='ff_3_input_text' id='label_ff_3_input_text' aria-label=\"Firma\">Firma<\/label><\/div><div class='ff-el-input--content'><input type=\"text\" name=\"input_text\" class=\"ff-el-form-control\" placeholder=\"Ihre Firma\" data-name=\"input_text\" id=\"ff_3_input_text\"  aria-invalid=\"false\" aria-required=false><\/div><\/div><div data-type=\"name-element\" data-name=\"names\" class=\" ff-field_container ff-name-field-wrapper\" ><div class='ff-t-container'><div class='ff-t-cell '><div class='ff-el-group  ff-el-form-top'><div class=\"ff-el-input--label ff-el-is-required\"><label for='ff_3_names_first_name_' id='label_ff_3_names_first_name_' >Vorname<\/label><\/div><div class='ff-el-input--content'><input type=\"text\" name=\"names[first_name]\" id=\"ff_3_names_first_name_\" class=\"ff-el-form-control\" placeholder=\"Vorname\" aria-invalid=\"false\" aria-required=true><\/div><\/div><\/div><div class='ff-t-cell '><div class='ff-el-group  ff-el-form-top'><div class=\"ff-el-input--label ff-el-is-required\"><label for='ff_3_names_last_name_' id='label_ff_3_names_last_name_' >Nachname<\/label><\/div><div class='ff-el-input--content'><input type=\"text\" name=\"names[last_name]\" id=\"ff_3_names_last_name_\" class=\"ff-el-form-control\" placeholder=\"Nachname\" aria-invalid=\"false\" aria-required=true><\/div><\/div><\/div><\/div><\/div><div class='ff-el-group'><div class=\"ff-el-input--label ff-el-is-required\"><label for='ff_3_email' id='label_ff_3_email' aria-label=\"E-Mail\">E-Mail<\/label><\/div><div class='ff-el-input--content'><input type=\"email\" name=\"email\" id=\"ff_3_email\" class=\"ff-el-form-control\" placeholder=\"E-Mail-Adresse\" data-name=\"email\"  aria-invalid=\"false\" aria-required=true><\/div><\/div><div class='ff-el-group'><div class=\"ff-el-input--label\"><label for='ff_3_description' id='label_ff_3_description' aria-label=\"Textbereich\">Textbereich<\/label><\/div><div class='ff-el-input--content'><textarea aria-required=\"false\" aria-labelledby=\"label_ff_3_description\" name=\"description\" id=\"ff_3_description\" class=\"ff-el-form-control\" rows=\"3\" cols=\"2\" data-name=\"description\" ><\/textarea><\/div><\/div><div class='ff-el-group ff-el-form-hide_label stickyField'><div class=\"ff-el-input--label\"><label for='ff_3_stickyField' id='label_ff_3_stickyField' aria-label=\"stickyField\">stickyField<\/label><\/div><div class='ff-el-input--content'><input type=\"text\" name=\"stickyField\" class=\"ff-el-form-control\" data-name=\"stickyField\" id=\"ff_3_stickyField\"  aria-invalid=\"false\" aria-required=false><\/div><\/div><div class='ff-el-group    ff-el-input--content'><div class='ff-el-form-check ff-el-tc'><label aria-label='Terms and Conditions: Ich habe die Datenschutzerkl\u00e4rung zur Kenntnis genommen. Ich stimme zu, dass meine Angaben und Daten zur Beantwortung meiner Anfrage elektronisch erhoben und gespeichert werden. Contains 1 link. Use tab navigation to review.' class='ff-el-form-check-label ff_tc_label' for=gdpr-agreement_55c9ba8ec7e959fe3bd0d8c50517df55><span class='ff_tc_checkbox'><input type=\"checkbox\" name=\"gdpr-agreement\" class=\"ff-el-form-check-input ff_gdpr_field\" data-name=\"gdpr-agreement\" id=\"gdpr-agreement_55c9ba8ec7e959fe3bd0d8c50517df55\"  value='on' aria-invalid='false' aria-required=true><\/span> <div class='ff_t_c'>Ich habe die <a href=\"\/index.php\/datenschutz\/\" target=\"_blank\">Datenschutzerkl\u00e4rung<\/a> zur Kenntnis genommen. Ich stimme zu, dass meine Angaben und Daten zur Beantwortung meiner Anfrage elektronisch erhoben und gespeichert werden.<\/div><\/label><\/div><\/div><div class='ff-el-group ff-text-left ff_submit_btn_wrapper'><button type=\"submit\" class=\"ff-btn ff-btn-submit ff-btn-md ff_btn_style\"  aria-label=\"Absenden\">Absenden<\/button><\/div><\/fieldset><\/form><div id='fluentform_3_errors' class='ff-errors-in-stack ff_form_instance_3_1 ff-form-loading_errors ff_form_instance_3_1_errors'><\/div><\/div>            <script type=\"text\/javascript\">\n                window.fluent_form_ff_form_instance_3_1 = {\"id\":\"3\",\"ajaxUrl\":\"https:\\\/\\\/www.okal-industriepark.de\\\/wp-admin\\\/admin-ajax.php\",\"settings\":{\"layout\":{\"labelPlacement\":\"top\",\"helpMessagePlacement\":\"with_label\",\"errorMessagePlacement\":\"inline\",\"cssClassName\":\"\",\"asteriskPlacement\":\"\"},\"restrictions\":{\"denyEmptySubmission\":{\"enabled\":false}}},\"form_instance\":\"ff_form_instance_3_1\",\"form_id_selector\":\"fluentform_3\",\"rules\":{\"input_text\":{\"required\":{\"value\":false,\"message\":\"Dieses Feld ist erforderlich\",\"global\":false,\"global_message\":\"Dieses Feld ist erforderlich\"}},\"names[first_name]\":{\"required\":{\"value\":true,\"message\":\"Dieses Feld ist erforderlich\",\"global\":false,\"global_message\":\"Dieses Feld ist erforderlich\"}},\"names[middle_name]\":{\"required\":{\"value\":false,\"message\":\"Dieses Feld ist erforderlich\",\"global\":false,\"global_message\":\"Dieses Feld ist erforderlich\"}},\"names[last_name]\":{\"required\":{\"value\":true,\"message\":\"Dieses Feld ist erforderlich\",\"global\":false,\"global_message\":\"Dieses Feld ist erforderlich\"}},\"email\":{\"required\":{\"value\":true,\"message\":\"Dieses Feld ist erforderlich\",\"global\":false,\"global_message\":\"Dieses Feld ist erforderlich\"},\"email\":{\"value\":true,\"message\":\"Dieses Feld muss eine g\\u00fcltige E-Mail-Adresse enthalten\",\"global\":false,\"global_message\":\"Dieses Feld muss eine g\\u00fcltige E-Mail-Adresse enthalten\"}},\"description\":{\"required\":{\"value\":false,\"message\":\"Dieses Feld ist erforderlich\",\"global\":false,\"global_message\":\"Dieses Feld ist erforderlich\"}},\"stickyField\":{\"required\":{\"value\":false,\"message\":\"Dieses Feld ist erforderlich\",\"global_message\":\"Dieses Feld ist erforderlich\",\"global\":true}},\"gdpr-agreement\":{\"required\":{\"value\":true,\"message\":\"Dieses Feld ist erforderlich\",\"global\":false,\"global_message\":\"Dieses Feld ist erforderlich\"}}},\"debounce_time\":300};\n                            <\/script>\n            [\/et_pb_code][\/et_pb_column][\/et_pb_row][\/et_pb_section]<\/p>\n","protected":false},"excerpt":{"rendered":"<p>Flexible B\u00fcror\u00e4ume Der B\u00fcrokomplex unterteilt sich in einen vorderen und einen hinteren Bereich. Zurzeit ist der hintere Bereich bereits komplett vermietet. Die R\u00e4ume befinden sich im 1. und 2. Obergeschoss. Die R\u00e4ume erlauben insgesamt Gestaltungsm\u00f6glichkeiten und flexible Raumaufteilung. Leichtbauw\u00e4nde erm\u00f6glichen eine einfache Trennung oder Zusammenlegung von R\u00e4umlichkeiten. Der Komplex verf\u00fcgt unter anderem \u00fcber einen Fahrstuhl, [&hellip;]<\/p>\n","protected":false},"author":1,"featured_media":0,"parent":0,"menu_order":0,"comment_status":"closed","ping_status":"closed","template":"","meta":{"_acf_changed":false,"_et_pb_use_builder":"on","_et_pb_old_content":"","_et_gb_content_width":"","footnotes":""},"class_list":["post-375","page","type-page","status-publish","hentry"],"acf":[],"_links":{"self":[{"href":"https:\/\/www.okal-industriepark.de\/index.php\/wp-json\/wp\/v2\/pages\/375","targetHints":{"allow":["GET"]}}],"collection":[{"href":"https:\/\/www.okal-industriepark.de\/index.php\/wp-json\/wp\/v2\/pages"}],"about":[{"href":"https:\/\/www.okal-industriepark.de\/index.php\/wp-json\/wp\/v2\/types\/page"}],"author":[{"embeddable":true,"href":"https:\/\/www.okal-industriepark.de\/index.php\/wp-json\/wp\/v2\/users\/1"}],"replies":[{"embeddable":true,"href":"https:\/\/www.okal-industriepark.de\/index.php\/wp-json\/wp\/v2\/comments?post=375"}],"version-history":[{"count":20,"href":"https:\/\/www.okal-industriepark.de\/index.php\/wp-json\/wp\/v2\/pages\/375\/revisions"}],"predecessor-version":[{"id":1911,"href":"https:\/\/www.okal-industriepark.de\/index.php\/wp-json\/wp\/v2\/pages\/375\/revisions\/1911"}],"wp:attachment":[{"href":"https:\/\/www.okal-industriepark.de\/index.php\/wp-json\/wp\/v2\/media?parent=375"}],"curies":[{"name":"wp","href":"https:\/\/api.w.org\/{rel}","templated":true}]}}