{"id":845,"date":"2017-07-12T15:29:50","date_gmt":"2017-07-12T13:29:50","guid":{"rendered":"http:\/\/okal.partner5.he-hosting.de\/?page_id=845"},"modified":"2023-06-06T09:12:36","modified_gmt":"2023-06-06T07:12:36","slug":"impressum","status":"publish","type":"page","link":"https:\/\/www.okal-industriepark.de\/index.php\/impressum\/","title":{"rendered":"Impressum"},"content":{"rendered":"<p>[et_pb_section fb_built=&#8220;1&#8243; _builder_version=&#8220;3.22&#8243; global_colors_info=&#8220;{}&#8220;][et_pb_row _builder_version=&#8220;3.25&#8243; background_size=&#8220;initial&#8220; background_position=&#8220;top_left&#8220; background_repeat=&#8220;repeat&#8220; global_colors_info=&#8220;{}&#8220;][et_pb_column type=&#8220;4_4&#8243; _builder_version=&#8220;3.25&#8243; custom_padding=&#8220;|||&#8220; global_colors_info=&#8220;{}&#8220; custom_padding__hover=&#8220;|||&#8220;][et_pb_text _builder_version=&#8220;3.27.4&#8243; border_style=&#8220;solid&#8220; global_colors_info=&#8220;{}&#8220;]<\/p>\n<h2>Impressum<\/h2>\n<p>[\/et_pb_text][et_pb_text _builder_version=&#8220;4.14.9&#8243; hover_enabled=&#8220;0&#8243; global_colors_info=&#8220;{}&#8220; admin_label=&#8220;Text&#8220; sticky_enabled=&#8220;0&#8243;]<\/p>\n<p>Angaben gem\u00e4\u00df \u00a7 5 TMG:<\/p>\n<p><b>Betreiber:<\/b><br \/>OKAL BAU GmbH &amp; Co. KG<br \/>Bahnweg 62<br \/>74959 Langenburg<\/p>\n<p><b>Verantwortlich f\u00fcr den Inhalt nach \u00a7 55 Abs. 2 RStV:<\/b><br \/>Christian Adolph<br \/>Salzhemmendorfer Stra\u00dfe 2<br \/>31020 Salzhemmendorf<br \/>Telefon: 05153 &#8211; 803233<br \/>Telefax: 05153 &#8211; 803234<br \/>e-Mail: <a href=\"mailto:christian.adolph@okal-industriepark.de\">christian.adolph@okal-industriepark.de<\/a><\/p>\n<p>Gewerbeerlaubnis nach \u00a7 34c Gewerbeordnung vorhanden<\/p>\n<p>Zust\u00e4ndige Aufsichtsbeh\u00f6rde:<\/p>\n<p>Industrie- und Handelskammer Hannover<\/p>\n<p>Schiffgraben 49<\/p>\n<p>30175 Hannover<\/p>\n<p>Tel.: 05 11\/31 07 \u2013 0<\/p>\n<p>Fax: 05 11\/31 07 \u2013 4 36<\/p>\n<p><a href=\"https:\/\/www.hannover.ihk.de\" target=\"_blank\" rel=\"noopener noreferrer\">www.hannover.ihk.de<\/a><\/p>\n<p>Inhaltlich Verantwortlicher gem\u00e4\u00df Telemediengesetz: Christian Adolph<\/p>\n<p>Steuernummer: 67072\/26148<br \/>Finanzamt Schw\u00e4bisch Hall<br \/>Au\u00dfenstelle Crailsheim<\/p>\n<p>IBAN: DE50 6209 1800 0217 8410 07<br \/>BIC: GENODES1VHL<br \/>Volksbank Hohenlohe eG<\/p>\n<p>Haftungsausschluss (Disclaimer)<\/p>\n<h3>Haftung f\u00fcr Inhalte<\/h3>\n<p>Als Diensteanbieter sind wir gem\u00e4\u00df \u00a7 7 Abs.1 TMG f\u00fcr eigene Inhalte auf diesen Seiten nach den allgemeinen Gesetzen verantwortlich. Nach \u00a7\u00a7 8 bis 10 TMG sind wir als Diensteanbieter jedoch nicht verpflichtet, \u00fcbermittelte oder gespeicherte fremde Informationen zu \u00fcberwachen oder nach Umst\u00e4nden zu forschen, die auf eine rechtswidrige T\u00e4tigkeit hinweisen. Verpflichtungen zur Entfernung oder Sperrung der Nutzung von Informationen nach den allgemeinen Gesetzen bleiben hiervon unber\u00fchrt. Eine diesbez\u00fcgliche Haftung ist jedoch erst ab dem Zeitpunkt der Kenntnis einer konkreten Rechtsverletzung m\u00f6glich. Bei Bekanntwerden von entsprechenden Rechtsverletzungen werden wir diese Inhalte umgehend entfernen.<\/p>\n<h3>Haftung f\u00fcr Links<\/h3>\n<p>Unser Angebot enth\u00e4lt Links zu externen Webseiten Dritter, auf deren Inhalte wir keinen Einfluss haben. Deshalb k\u00f6nnen wir f\u00fcr diese fremden Inhalte auch keine Gew\u00e4hr \u00fcbernehmen. F\u00fcr die Inhalte der verlinkten Seiten ist stets der jeweilige Anbieter oder Betreiber der Seiten verantwortlich. Die verlinkten Seiten wurden zum Zeitpunkt der Verlinkung auf m\u00f6gliche Rechtsverst\u00f6\u00dfe \u00fcberpr\u00fcft. Rechtswidrige Inhalte waren zum Zeitpunkt der Verlinkung nicht erkennbar. Eine permanente inhaltliche Kontrolle der verlinkten Seiten ist jedoch ohne konkrete Anhaltspunkte einer Rechtsverletzung nicht zumutbar. Bei Bekanntwerden von Rechtsverletzungen werden wir derartige Links umgehend entfernen.<\/p>\n<h3>Urheberrecht<\/h3>\n<p>Die durch die Seitenbetreiber erstellten Inhalte und Werke auf diesen Seiten unterliegen dem deutschen Urheberrecht. Die Vervielf\u00e4ltigung, Bearbeitung, Verbreitung und jede Art der Verwertung au\u00dferhalb der Grenzen des Urheberrechtes bed\u00fcrfen der schriftlichen Zustimmung des jeweiligen Autors bzw. Erstellers. Downloads und Kopien dieser Seite sind nur f\u00fcr den privaten, nicht kommerziellen Gebrauch gestattet. Soweit die Inhalte auf dieser Seite nicht vom Betreiber erstellt wurden, werden die Urheberrechte Dritter beachtet. Insbesondere werden Inhalte Dritter als solche gekennzeichnet. Sollten Sie trotzdem auf eine Urheberrechtsverletzung aufmerksam werden, bitten wir um einen entsprechenden Hinweis. Bei Bekanntwerden von Rechtsverletzungen werden wir derartige Inhalte umgehend entfernen.<\/p>\n<h3>Au\u00dfergerichtliche Streitschlichtung<\/h3>\n<p>Die Europ\u00e4ische Kommission stellt eine Plattform f\u00fcr die au\u00dfergerichtliche Online-Streitbeilegung (OS-Plattform) bereit, welche unter <a href=\"http:\/\/www.ec.europa.eu\/consumers\/odr\">www.ec.europa.eu\/consumers\/odr<\/a> f\u00fcr Sie erreichbar ist. Wir sind weder verpflichtet noch bereit, an dem Streitschlichtungsverfahren teilzunehmen.<\/p>\n<p>Quelle: <a href=\"https:\/\/www.e-recht24.de\">www.e-recht24.de<\/a><\/p>\n<h3>Layout und die technische Umsetzung:<\/h3>\n<p>Medien 31 GmbH<br \/>Baustr. 44<br \/>31785 Hameln<br \/>Tel.: 05151 \/ 200-150<br \/>Web: http:\/\/www.medien31.de<br \/>E-Mail: <a href=\"mailto:kontakt@medien31.de\">kontakt@medien31.de<\/a><\/p>\n<p>[\/et_pb_text][\/et_pb_column][\/et_pb_row][\/et_pb_section]<\/p>\n","protected":false},"excerpt":{"rendered":"<p>Impressum Angaben gem\u00e4\u00df \u00a7 5 TMG: Betreiber:OKAL BAU GmbH &amp; Co. KGBahnweg 6274959 Langenburg Verantwortlich f\u00fcr den Inhalt nach \u00a7 55 Abs. 2 RStV:Christian AdolphSalzhemmendorfer Stra\u00dfe 231020 SalzhemmendorfTelefon: 05153 &#8211; 803233Telefax: 05153 &#8211; 803234e-Mail: christian.adolph@okal-industriepark.de Gewerbeerlaubnis nach \u00a7 34c Gewerbeordnung vorhanden Zust\u00e4ndige Aufsichtsbeh\u00f6rde: Industrie- und Handelskammer Hannover Schiffgraben 49 30175 Hannover Tel.: 05 11\/31 07 [&hellip;]<\/p>\n","protected":false},"author":1,"featured_media":0,"parent":0,"menu_order":0,"comment_status":"closed","ping_status":"closed","template":"","meta":{"_acf_changed":false,"_et_pb_use_builder":"on","_et_pb_old_content":"","_et_gb_content_width":"","footnotes":""},"class_list":["post-845","page","type-page","status-publish","hentry"],"acf":[],"_links":{"self":[{"href":"https:\/\/www.okal-industriepark.de\/index.php\/wp-json\/wp\/v2\/pages\/845","targetHints":{"allow":["GET"]}}],"collection":[{"href":"https:\/\/www.okal-industriepark.de\/index.php\/wp-json\/wp\/v2\/pages"}],"about":[{"href":"https:\/\/www.okal-industriepark.de\/index.php\/wp-json\/wp\/v2\/types\/page"}],"author":[{"embeddable":true,"href":"https:\/\/www.okal-industriepark.de\/index.php\/wp-json\/wp\/v2\/users\/1"}],"replies":[{"embeddable":true,"href":"https:\/\/www.okal-industriepark.de\/index.php\/wp-json\/wp\/v2\/comments?post=845"}],"version-history":[{"count":13,"href":"https:\/\/www.okal-industriepark.de\/index.php\/wp-json\/wp\/v2\/pages\/845\/revisions"}],"predecessor-version":[{"id":1963,"href":"https:\/\/www.okal-industriepark.de\/index.php\/wp-json\/wp\/v2\/pages\/845\/revisions\/1963"}],"wp:attachment":[{"href":"https:\/\/www.okal-industriepark.de\/index.php\/wp-json\/wp\/v2\/media?parent=845"}],"curies":[{"name":"wp","href":"https:\/\/api.w.org\/{rel}","templated":true}]}}